{"id":136,"date":"2019-09-20T15:36:09","date_gmt":"2019-09-20T13:36:09","guid":{"rendered":"http:\/\/chris-ellescrap.fr\/?page_id=136"},"modified":"2019-10-06T10:02:46","modified_gmt":"2019-10-06T08:02:46","slug":"devenir-demonstratrice-stampinup","status":"publish","type":"page","link":"https:\/\/chris-ellescrap.fr\/?page_id=136","title":{"rendered":"Devenir d\u00e9monstratrice"},"content":{"rendered":"\n<p>Pourquoi devenir d\u00e9monstratrice?<\/p>\n\n\n\n<p>Si comme moi vous \u00eates fan de la marque, vous pouvez tout d\u2019abord devenir d\u00e9monstratrice pour vous m\u00eame afin de b\u00e9n\u00e9ficier de la r\u00e9duction de 20% sur tout le catalogue. Seule obligation apr\u00e8s si vous voulez continuer d\u2019en b\u00e9n\u00e9ficier r\u00e9alis\u00e9 un chiffre d\u2019affaire d\u2019environ 365 euros par trimestre.<\/p>\n\n\n\n<p>Mais vous pouvez \u00e9galement devenir d\u00e9monstratrice pour profiter de l\u2019offre du kit de d\u00e9marrage qui vous co\u00fbte 129 euros mais vous avez jusqu\u2019\u00e0 175 euros \u00e0 choisir dans les catalogues en cours. Sauf promotion \u00e9ventuelle qui vous offre plus d\u2019avantage. Rien ne vous engage vous achetez votre kit et puis vous ne commander plus rien d\u2019autre et vous serez plus d\u00e9monstratrice au bout de 4 mois mais vous aurez profiter de l\u2019offre pour acheter plus de produits.<\/p>\n\n\n\n<p>Mais si l\u2019aventure de vendeuse \u00e0 domicile vous tente, et que vous souhaitez rejoindre ma super \u00e9quipe des cr\u00e9atives pas de soucis, contactez moi et je vous expliquerai tout ce qu\u2019il faut savoir! N\u2019h\u00e9sitez surtout pas car une super aventure vous attend!<\/p>\n","protected":false},"excerpt":{"rendered":"<p>Pourquoi devenir d\u00e9monstratrice? Si comme moi vous \u00eates fan de la marque, vous pouvez tout d\u2019abord devenir d\u00e9monstratrice pour vous m\u00eame afin de b\u00e9n\u00e9ficier de la r\u00e9duction de 20% sur tout le catalogue. Seule obligation apr\u00e8s si vous voulez continuer d\u2019en b\u00e9n\u00e9ficier r\u00e9alis\u00e9 un chiffre d\u2019affaire d\u2019environ 365 euros par trimestre. Mais vous pouvez \u00e9galement devenir d\u00e9monstratrice pour profiter de l\u2019offre du kit de d\u00e9marrage qui vous co\u00fbte 129 euros mais vous avez jusqu\u2019\u00e0 175 euros \u00e0 choisir dans les&#8230;<\/p>\n<p class=\"read-more\"><a class=\"btn btn-default\" href=\"https:\/\/chris-ellescrap.fr\/?page_id=136\">Lire la suite<span class=\"screen-reader-text\"> Lire la suite<\/span><\/a><\/p>\n","protected":false},"author":2,"featured_media":0,"parent":0,"menu_order":0,"comment_status":"closed","ping_status":"closed","template":"","meta":{"footnotes":""},"class_list":["post-136","page","type-page","status-publish","hentry"],"jetpack_sharing_enabled":true,"post_mailing_queue_ids":[],"_links":{"self":[{"href":"https:\/\/chris-ellescrap.fr\/index.php?rest_route=\/wp\/v2\/pages\/136","targetHints":{"allow":["GET"]}}],"collection":[{"href":"https:\/\/chris-ellescrap.fr\/index.php?rest_route=\/wp\/v2\/pages"}],"about":[{"href":"https:\/\/chris-ellescrap.fr\/index.php?rest_route=\/wp\/v2\/types\/page"}],"author":[{"embeddable":true,"href":"https:\/\/chris-ellescrap.fr\/index.php?rest_route=\/wp\/v2\/users\/2"}],"replies":[{"embeddable":true,"href":"https:\/\/chris-ellescrap.fr\/index.php?rest_route=%2Fwp%2Fv2%2Fcomments&post=136"}],"version-history":[{"count":0,"href":"https:\/\/chris-ellescrap.fr\/index.php?rest_route=\/wp\/v2\/pages\/136\/revisions"}],"wp:attachment":[{"href":"https:\/\/chris-ellescrap.fr\/index.php?rest_route=%2Fwp%2Fv2%2Fmedia&parent=136"}],"curies":[{"name":"wp","href":"https:\/\/api.w.org\/{rel}","templated":true}]}}