{"id":131,"date":"2019-09-20T15:25:35","date_gmt":"2019-09-20T13:25:35","guid":{"rendered":"http:\/\/chris-ellescrap.fr\/?page_id=131"},"modified":"2020-06-21T09:28:11","modified_gmt":"2020-06-21T07:28:11","slug":"atelier","status":"publish","type":"page","link":"https:\/\/chris-ellescrap.fr\/?page_id=131","title":{"rendered":"Atelier"},"content":{"rendered":"<p><!--StartFragment--><\/p>\n\n\n<p>Vous souhaitez accueillir un atelier Stampin&rsquo;Up, afin de partager un bon moment autour du loisir cr\u00e9atif, rien de plus facile, prenez contact avec moi.<\/p>\n\n\n\n<p>Les ateliers peuvent se d\u00e9roul\u00e9s chez vous, dans une association ou chez moi, et si dans vos invit\u00e9s il y a des non initi\u00e9s, pas de panique en tant que d\u00e9monstratrice je viendrais avec des kits complets afin de r\u00e9aliser un ou plusieurs beaux projets tous ensemble.<\/p>\n\n\n<p><!--EndFragment--><\/p>\n\n\n<p>Prochain atelier:<\/p>\n\n\n\n<p>27 juin 2020 : r\u00e9union stampin up, r\u00e9alisation d\u2019une carte double volets<\/p>\n\n\n\n<p>18 juillet 2020 : Atelier parent\/enfant autour d\u2019une cr\u00e9ation d\u00e9co pour la chambre des enfants.<\/p>\n","protected":false},"excerpt":{"rendered":"<p>Vous souhaitez accueillir un atelier Stampin&rsquo;Up, afin de partager un bon moment autour du loisir cr\u00e9atif, rien de plus facile, prenez contact avec moi. Les ateliers peuvent se d\u00e9roul\u00e9s chez vous, dans une association ou chez moi, et si dans vos invit\u00e9s il y a des non initi\u00e9s, pas de panique en tant que d\u00e9monstratrice je viendrais avec des kits complets afin de r\u00e9aliser un ou plusieurs beaux projets tous ensemble. Prochain atelier: 27 juin 2020 : r\u00e9union stampin up,&#8230;<\/p>\n<p class=\"read-more\"><a class=\"btn btn-default\" href=\"https:\/\/chris-ellescrap.fr\/?page_id=131\">Lire la suite<span class=\"screen-reader-text\"> Lire la suite<\/span><\/a><\/p>\n","protected":false},"author":2,"featured_media":0,"parent":0,"menu_order":0,"comment_status":"closed","ping_status":"closed","template":"","meta":{"footnotes":""},"class_list":["post-131","page","type-page","status-publish","hentry"],"jetpack_sharing_enabled":true,"post_mailing_queue_ids":[],"_links":{"self":[{"href":"https:\/\/chris-ellescrap.fr\/index.php?rest_route=\/wp\/v2\/pages\/131","targetHints":{"allow":["GET"]}}],"collection":[{"href":"https:\/\/chris-ellescrap.fr\/index.php?rest_route=\/wp\/v2\/pages"}],"about":[{"href":"https:\/\/chris-ellescrap.fr\/index.php?rest_route=\/wp\/v2\/types\/page"}],"author":[{"embeddable":true,"href":"https:\/\/chris-ellescrap.fr\/index.php?rest_route=\/wp\/v2\/users\/2"}],"replies":[{"embeddable":true,"href":"https:\/\/chris-ellescrap.fr\/index.php?rest_route=%2Fwp%2Fv2%2Fcomments&post=131"}],"version-history":[{"count":0,"href":"https:\/\/chris-ellescrap.fr\/index.php?rest_route=\/wp\/v2\/pages\/131\/revisions"}],"wp:attachment":[{"href":"https:\/\/chris-ellescrap.fr\/index.php?rest_route=%2Fwp%2Fv2%2Fmedia&parent=131"}],"curies":[{"name":"wp","href":"https:\/\/api.w.org\/{rel}","templated":true}]}}